{"id":1247,"date":"2021-05-20T09:04:54","date_gmt":"2021-05-20T09:04:54","guid":{"rendered":"https:\/\/theamariya.com\/?page_id=1247"},"modified":"2021-05-24T05:00:37","modified_gmt":"2021-05-24T05:00:37","slug":"home","status":"publish","type":"page","link":"https:\/\/theamariya.com\/de\/","title":{"rendered":"Home"},"content":{"rendered":"<p>[vc_row el_class=&#8220;custom-background-wrapper&#8220;][vc_column el_class=&#8220;position-relative&#8220;][vc_single_image image=&#8220;115&#8243; img_size=&#8220;full&#8220; animation_delay=&#8220;150&#8243; el_class=&#8220;position-absolute top-0 right-0&#8243; css=&#8220;.vc_custom_1608574066676{background-color: #ffffff !important;}&#8220; animation_type=&#8220;fadeIn&#8220;][\/vc_column][\/vc_row][vc_row wrap_container=&#8220;yes&#8220; el_class=&#8220;custom-page-wrapper info-box-wrapper&#8220;][vc_column][vc_row_inner animation_delay=&#8220;&#8220; el_class=&#8220;mb-5 z-index-1 position-relative overflow-hidden&#8220;][vc_column_inner]<div class=\"porto-carousel owl-carousel has-ccols ccols-xl-4 ccols-lg-2 ccols-md-2 ccols-sm-2 ccols-1 custom-dots-style-1 mb-0\" data-appear-animation=\"maskUp\" data-appear-animation-delay=\"500\" data-plugin-options=\"{&quot;stagePadding&quot;:0,&quot;margin&quot;:25,&quot;autoplay&quot;:false,&quot;autoplayTimeout&quot;:5000,&quot;autoplayHoverPause&quot;:false,&quot;items&quot;:4,&quot;lg&quot;:2,&quot;md&quot;:2,&quot;sm&quot;:2,&quot;xs&quot;:1,&quot;nav&quot;:false,&quot;dots&quot;:&quot;yes&quot;,&quot;animateIn&quot;:&quot;&quot;,&quot;animateOut&quot;:&quot;&quot;,&quot;loop&quot;:false,&quot;center&quot;:false,&quot;video&quot;:false,&quot;lazyLoad&quot;:false,&quot;fullscreen&quot;:false}\"><div class=\"porto-ultimate-content-box-container custom-content-box-style-1\"><style>#porto_ucb_1867{will-change: box-shadow;box-shadow: none;}<\/style><a class=\"porto-ultimate-content-box-anchor\" href=\"https:\/\/theamariya.com\/villas-master-plan\/#typeA\"   ><div class=\"porto-ultimate-content-box vc_custom_1621393868896\" style=\"border:1px solid rgba(0,0,0,0.06);\" id=\"porto_ucb_1867\">[vc_single_image image=&#8220;847&#8243; img_size=&#8220;full&#8220; css=&#8220;.vc_custom_1619577275510{padding-bottom: 20px !important;}&#8220;][vc_custom_heading text=&#8220;Type A&#8220; font_container=&#8220;tag:h2|font_size:1.9em|text_align:center|color:%23212529|line_height:1&#8243; use_theme_fonts=&#8220;yes&#8220; font_weight=&#8220;700&#8243; el_class=&#8220;mb-3&#8243;][vc_custom_heading text=&#8220;Zwei Schlafzimmer Villa&#8220; font_container=&#8220;tag:p|text_align:center|color:%23777777&#8243; use_theme_fonts=&#8220;yes&#8220; el_class=&#8220;mb-0&#8243;]<\/div><\/a><\/div><div class=\"porto-ultimate-content-box-container custom-content-box-style-1\"><style>#porto_ucb_8147{will-change: box-shadow;box-shadow: none;}<\/style><a class=\"porto-ultimate-content-box-anchor\" href=\"https:\/\/theamariya.com\/villas-master-plan\/#typeB\"   ><div class=\"porto-ultimate-content-box vc_custom_1621393879742\" style=\"border:1px solid rgba(0,0,0,0.06);\" id=\"porto_ucb_8147\">[vc_single_image image=&#8220;848&#8243; img_size=&#8220;full&#8220; css=&#8220;.vc_custom_1619577288470{padding-bottom: 20px !important;}&#8220;][vc_custom_heading text=&#8220;Type B&#8220; font_container=&#8220;tag:h2|font_size:1.9em|text_align:center|color:%23212529|line_height:1&#8243; use_theme_fonts=&#8220;yes&#8220; font_weight=&#8220;700&#8243; el_class=&#8220;mb-3&#8243;][vc_custom_heading text=&#8220;Drei Schlafzimmer Villa (B)&#8220; font_container=&#8220;tag:p|text_align:center|color:%23777777&#8243; use_theme_fonts=&#8220;yes&#8220; el_class=&#8220;mb-0&#8243;]<\/div><\/a><\/div><div class=\"porto-ultimate-content-box-container custom-content-box-style-1\"><style>#porto_ucb_5386{will-change: box-shadow;box-shadow: none;}<\/style><a class=\"porto-ultimate-content-box-anchor\" href=\"https:\/\/theamariya.com\/villas-master-plan\/#typeC\"   ><div class=\"porto-ultimate-content-box vc_custom_1621393887526\" style=\"border:1px solid rgba(0,0,0,0.06);\" id=\"porto_ucb_5386\">[vc_single_image image=&#8220;1384&#8243; img_size=&#8220;full&#8220; css=&#8220;.vc_custom_1621832434966{padding-bottom: 20px !important;}&#8220; label=&#8220;&#8220;][vc_custom_heading text=&#8220;Type C&#8220; font_container=&#8220;tag:h2|font_size:1.9em|text_align:center|color:%23212529|line_height:1&#8243; use_theme_fonts=&#8220;yes&#8220; font_weight=&#8220;700&#8243; el_class=&#8220;mb-3&#8243;][vc_custom_heading text=&#8220;Drei Schlafzimmer Villa (C)&#8220; font_container=&#8220;tag:p|text_align:center|color:%23777777&#8243; use_theme_fonts=&#8220;yes&#8220; el_class=&#8220;mb-0&#8243;]<\/div><\/a><\/div><div class=\"porto-ultimate-content-box-container custom-content-box-style-1\"><style>#porto_ucb_7478{will-change: box-shadow;box-shadow: none;}<\/style><a class=\"porto-ultimate-content-box-anchor\" href=\"https:\/\/theamariya.com\/villas-master-plan\/#typeD\"   ><div class=\"porto-ultimate-content-box vc_custom_1621393897117\" style=\"border:1px solid rgba(0,0,0,0.06);\" id=\"porto_ucb_7478\">[vc_single_image image=&#8220;850&#8243; img_size=&#8220;full&#8220; css=&#8220;.vc_custom_1619577308389{padding-bottom: 20px !important;}&#8220;][vc_custom_heading text=&#8220;Type D&#8220; font_container=&#8220;tag:h2|font_size:1.9em|text_align:center|color:%23212529|line_height:1&#8243; use_theme_fonts=&#8220;yes&#8220; font_weight=&#8220;700&#8243; el_class=&#8220;mb-3&#8243;][vc_custom_heading text=&#8220;Drei Schlafzimmer Villa (D)&#8220; font_container=&#8220;tag:p|text_align:center|color:%23777777&#8243; use_theme_fonts=&#8220;yes&#8220; el_class=&#8220;mb-0&#8243;]<\/div><\/a><\/div><\/div>[\/vc_column_inner][\/vc_row_inner][vc_btn title=&#8220;VIEW VR TOUR&#8220; color=&#8220;white&#8220; size=&#8220;lg&#8220; align=&#8220;center&#8220; skin=&#8220;primary&#8220; btn_fs=&#8220;1em&#8220; btn_fw=&#8220;700&#8243; el_cls=&#8220;font-primary custom-btn-style-1 px-5 py-3&#8243; animation_delay=&#8220;1800&#8243; link=&#8220;url:https%3A%2F%2Ftheamariya.com%2Famatiya%2F|target:_blank&#8220; animation_type=&#8220;fadeInUp&#8220; el_class=&#8220;pl-lg-5&#8243; css=&#8220;.vc_custom_1620365821306{margin-bottom: 37px !important;margin-left: 5px !important;}&#8220;][vc_row_inner content_placement=&#8220;middle&#8220;][vc_column_inner offset=&#8220;vc_hidden-lg vc_hidden-md&#8220;][vc_single_image image=&#8220;852&#8243; img_size=&#8220;full&#8220; alignment=&#8220;center&#8220; animation_delay=&#8220;250&#8243; animation_type=&#8220;fadeInLeft&#8220;][vc_single_image image=&#8220;853&#8243; img_size=&#8220;full&#8220; alignment=&#8220;center&#8220; animation_delay=&#8220;550&#8243; animation_type=&#8220;fadeInRight&#8220;][\/vc_column_inner][\/vc_row_inner][vc_row_inner equal_height=&#8220;yes&#8220; content_placement=&#8220;middle&#8220; el_class=&#8220;align-items-center pb-xl-5&#8243; el_id=&#8220;start&#8220;][vc_column_inner el_class=&#8220;col-9 col-lg-4 col-xl-5 pb-5 pb-lg-0 mb-5 mb-lg-0 custom-gallery img-g-h&#8220; width=&#8220;3\/4&#8243; offset=&#8220;vc_hidden-sm vc_hidden-xs&#8220;][vc_single_image image=&#8220;140&#8243; img_size=&#8220;full&#8220; alignment=&#8220;center&#8220; animation_delay=&#8220;150&#8243; el_class=&#8220;position-absolute left-0 z-index-0 custom-gallery-image1&#8243; css=&#8220;.vc_custom_1608574203931{background-color: #ffffff !important;}&#8220; animation_type=&#8220;fadeIn&#8220;][vc_single_image image=&#8220;852&#8243; img_size=&#8220;full&#8220; alignment=&#8220;center&#8220; animation_delay=&#8220;250&#8243; el_class=&#8220;position-relative z-index-1 overflow-hidden custom-gallery-image2&#8243; animation_type=&#8220;fadeInLeft&#8220;][vc_single_image image=&#8220;853&#8243; img_size=&#8220;full&#8220; alignment=&#8220;center&#8220; animation_delay=&#8220;550&#8243; animation_type=&#8220;fadeInRight&#8220; el_class=&#8220;position-absolute z-index-2 overflow-hidden custom-gallery-image3&#8243;][\/vc_column_inner][vc_column_inner el_class=&#8220;col-12 col-lg-7 col-xl-5 offset-lg-1 pt-5 pt-lg-0 position-relative contact-desc&#8220;]<div class=\"porto-ultimate-content-box-container position-absolute z-index-0 left-0 background-text\" data-appear-animation=\"fadeInRight\" data-appear-animation-delay=\"2000\"><style>#porto_ucb_8837{will-change: box-shadow;box-shadow: none;}<\/style><div class=\"porto-ultimate-content-box has-content-pos justify-content-center\" style=\"\" id=\"porto_ucb_8837\">[vc_custom_heading text=&#8220;AMARIYA&#8220; font_container=&#8220;tag:h2|font_size:9.2rem|text_align:left|color:%23212529|line_height:42px&#8220; use_theme_fonts=&#8220;yes&#8220; font_weight=&#8220;900&#8243; letter_spacing=&#8220;-.05em&#8220; animation_delay=&#8220;&#8220; el_class=&#8220;background-text custom-stroke-text-effect-1 opacity-1 mb-0&#8243;]<\/div><\/div>[vc_custom_heading text=&#8220;Sie suchen ihr Traumhaus in Thailand&#8220; font_container=&#8220;tag:h2|font_size:1.2em|text_align:left|color:%23777777|line_height:1.3&#8243; use_theme_fonts=&#8220;yes&#8220; font_weight=&#8220;300&#8243; letter_spacing=&#8220;2.5px&#8220; animation_delay=&#8220;800&#8243; el_class=&#8220;mb-2 pt-lg-5 pl-lg-5 mt-lg-5&#8243; animation_type=&#8220;fadeInUp&#8220;][vc_custom_heading text=&#8220;ABOUT US&#8220; font_container=&#8220;tag:h3|font_size:2.75em|text_align:left|color:%23212529|line_height:1.2&#8243; use_theme_fonts=&#8220;yes&#8220; font_weight=&#8220;900&#8243; letter_spacing=&#8220;-.05em&#8220; animation_delay=&#8220;1000&#8243; animation_type=&#8220;fadeInUp&#8220; el_class=&#8220;mb-3 pl-lg-5&#8243;][vc_single_image image=&#8220;151&#8243; img_size=&#8220;full&#8220; animation_delay=&#8220;1200&#8243; el_class=&#8220;pl-lg-5 divider-img&#8220; animation_type=&#8220;fadeInUp&#8220; css=&#8220;.vc_custom_1609046978753{margin-bottom: 13px !important;}&#8220;][vc_custom_heading text=&#8220;In der heutigen schnelllebigen und manchmal stressigen Welt w\u00e4chst die Nachfrage nach Individualit\u00e4t, einem gesunden Lebensstil und einer entspannten Lebenswelt.&#8220; font_container=&#8220;tag:p|font_size:1.1em|text_align:left|color:%23777777|line_height:26px&#8220; use_theme_fonts=&#8220;yes&#8220; animation_delay=&#8220;1600&#8243; el_class=&#8220;pb-3 mb-4 pl-lg-5&#8243; animation_type=&#8220;fadeInUp&#8220;][vc_custom_heading text=&#8220;Einerseits die N\u00e4he zur Natur genie\u00dfen, aber die sozialen Kontakte nicht vernachl\u00e4ssigen &#8211; das sind heute die Voraussetzungen f\u00fcr ein perfektes Zuhause.&#8220; font_container=&#8220;tag:p|font_size:1.1em|text_align:left|color:%23777777|line_height:1.4&#8243; use_theme_fonts=&#8220;yes&#8220; animation_delay=&#8220;1400&#8243; el_class=&#8220;custom-font-tertiary mb-4 pl-lg-5&#8243; animation_type=&#8220;fadeInUp&#8220;][vc_custom_heading text=&#8220;&#8222;AMARIYA by Vana Varin&#8222; ist ein Projekt von 35 Luxus-Poolvillen inmitten einer weitl\u00e4ufigen Parklandschaft, umgeben von jahrhundertealten B\u00e4umen und doch nur wenige Autominuten vom lebhaften Zentrum unseres k\u00f6niglichen Badeortes Hua Hin entfernt.&#8220; font_container=&#8220;tag:p|font_size:1.1em|text_align:left|color:%23777777|line_height:26px&#8220; use_theme_fonts=&#8220;yes&#8220; animation_delay=&#8220;1600&#8243; el_class=&#8220;pb-3 mb-4 pl-lg-5&#8243; animation_type=&#8220;fadeInUp&#8220;][vc_custom_heading text=&#8220;Die extravagante Architektur signalisiert Einzigartigkeit, bietet aber mit ihrem durchg\u00e4ngigen Raumkonzept vielf\u00e4ltige Gestaltungsm\u00f6glichkeiten im Innenraum.&#8220; font_container=&#8220;tag:p|font_size:1.1em|text_align:left|color:%23777777|line_height:26px&#8220; use_theme_fonts=&#8220;yes&#8220; animation_delay=&#8220;1600&#8243; el_class=&#8220;pb-3 mb-4 pl-lg-5&#8243; animation_type=&#8220;fadeInUp&#8220;][vc_custom_heading text=&#8220;Auf den ersten Blick ist das Design europ\u00e4isch, aber mit einem Hauch von asiatischem Charme versprechen die majest\u00e4tisch aufragenden, riesigen vollverglasten Doppelt\u00fcren ein ger\u00e4umiges Interieur, flankiert von gew\u00f6lbten Fl\u00fcgelt\u00fcren, die zu den Schlafzimmern links und rechts f\u00fchren.&#8220; font_container=&#8220;tag:p|font_size:1.1em|text_align:left|color:%23777777|line_height:26px&#8220; use_theme_fonts=&#8220;yes&#8220; animation_delay=&#8220;1600&#8243; el_class=&#8220;pb-3 mb-4 pl-lg-5&#8243; animation_type=&#8220;fadeInUp&#8220;][vc_custom_heading text=&#8220;Die Decke des Wohnbereichs ist mindestens 7 Meter hoch und wird von dekorativen freiliegenden Dachbalken und einem schweren Kronleuchter dominiert.&#8220; font_container=&#8220;tag:p|font_size:1.1em|text_align:left|color:%23777777|line_height:26px&#8220; use_theme_fonts=&#8220;yes&#8220; animation_delay=&#8220;1600&#8243; el_class=&#8220;pb-3 mb-4 pl-lg-5&#8243; animation_type=&#8220;fadeInUp&#8220;][vc_btn title=&#8220;VIEW MORE&#8220; color=&#8220;white&#8220; skin=&#8220;primary&#8220; btn_fs=&#8220;1em&#8220; btn_fw=&#8220;700&#8243; el_cls=&#8220;font-primary custom-btn-style-1 px-5 py-3&#8243; animation_delay=&#8220;1800&#8243; link=&#8220;url:https%3A%2F%2Ftheamariya.com%2Fde%2Fvillas-und-lageplan%2F&#8220; animation_type=&#8220;fadeInUp&#8220; el_class=&#8220;pl-lg-5&#8243; css=&#8220;.vc_custom_1621515372101{margin-bottom: 37px !important;margin-left: 5px !important;}&#8220;][\/vc_column_inner][\/vc_row_inner][vc_row_inner content_placement=&#8220;middle&#8220;][vc_column_inner width=&#8220;1\/2&#8243;][vc_column_text]Egal wo Sie hinschauen, hier wirkt alles etwas gr\u00f6\u00dfer als sonst. Die Parzellen sind mindestens 700 &#8211; 750 Quadratmeter gro\u00df.<\/p>\n<p>Die 261 m\u00b2 unserer kleinsten Villa verteilen sich auf zwei Schlafzimmer, zwei gro\u00dfz\u00fcgig geschnittene B\u00e4der, einen stilvollen, aber auch komfortablen Wohnbereich, die europ\u00e4ische High-Tech-K\u00fcche und einen eleganten Essbereich.<\/p>\n<p>Im Au\u00dfenbereich befinden sich ein gro\u00dfz\u00fcgig gestalteter 10 X 3,8 m Infinity-Pool sowie die 90 m\u00b2 gro\u00dfe Terrasse, welche Platz f\u00fcr einen schattigen Loungebereich mit Liegest\u00fchlen und Sonnenschirmen bietet.<\/p>\n<p>&nbsp;<\/p>\n<p>[\/vc_column_text][\/vc_column_inner][vc_column_inner width=&#8220;1\/2&#8243;][vc_single_image image=&#8220;856&#8243; img_size=&#8220;full&#8220;][\/vc_column_inner][\/vc_row_inner][\/vc_column][\/vc_row][vc_row wrap_container=&#8220;yes&#8220; no_padding=&#8220;yes&#8220; el_class=&#8220;custom-page-wrapper custom-lightbox-wrapper container-lg-custom py-4 my-3&#8243;][vc_column][vc_column_text]F\u00fcr diejenigen, die es etwas gr\u00f6\u00dfer m\u00f6gen, bietet sich die 336 m\u00b2 gro\u00dfe Villa mit drei Schlafzimmern, drei B\u00e4dern, G\u00e4ste-WC, Wohn- und Esszimmer, einer monumentalen K\u00fcchenzeile und einer fast 80 m\u00b2gro\u00dfen Terrasse mit beeindruckendem 12 x 3,8 m Infinity-Pool an.<\/p>\n<p>Ein liebevoll gestalteter Garten und ein gro\u00dfz\u00fcgiger Carport runden das Gesamtbild Ihrer Villa ab.<\/p>\n<p>Aber es ist nicht nur die einzigartige Architektur, sondern auch das durchdachte Konzept zum Energiesparen mit besonders dicken Au\u00dfen- und Innenw\u00e4nden, \u00fcberdachten Terrassen und einer Kombination aus schr\u00e4g angeordneten D\u00e4chern, die unsere Villen zu etwas Besonderem machen.[\/vc_column_text]<div class=\"porto-grid-container\"><div id=\"grid-amzoysfis8vo3iq51abgxpwuh7zej57\" class=\" wpb_content_element clearfix\" data-plugin-masonry data-plugin-options='{\"layoutMode\":\"masonry\",\"masonry\":{\"columnWidth\":\".grid-col-sizer\"},\"itemSelector\":\".porto-grid-item\",\"animationEngine\":\"best-available\",\"resizable\":false}'><div class=\"porto-grid-item  overflow-hidden px-0\" style=\"width:50%\">[vc_single_image image=&#8220;862&#8243; img_size=&#8220;full&#8220; alignment=&#8220;center&#8220; onclick=&#8220;img_link_large&#8220; lightbox=&#8220;yes&#8220; image_gallery=&#8220;yes&#8220; container_class=&#8220;porto-grid-container&#8220; zoom_icon=&#8220;yes&#8220; hover_effect=&#8220;yes&#8220; animation_delay=&#8220;500&#8243; animation_type=&#8220;fadeInDown&#8220;]<\/div><div class=\"porto-grid-item  overflow-hidden px-0\" style=\"width:25%\">[vc_single_image image=&#8220;867&#8243; img_size=&#8220;large&#8220; alignment=&#8220;center&#8220; onclick=&#8220;img_link_large&#8220; lightbox=&#8220;yes&#8220; image_gallery=&#8220;yes&#8220; container_class=&#8220;porto-grid-container&#8220; zoom_icon=&#8220;yes&#8220; hover_effect=&#8220;yes&#8220; animation_delay=&#8220;250&#8243; animation_type=&#8220;fadeInRight&#8220;]<\/div><div class=\"porto-grid-item  overflow-hidden px-0\" style=\"width:25%\">[vc_single_image image=&#8220;865&#8243; img_size=&#8220;large&#8220; alignment=&#8220;center&#8220; onclick=&#8220;img_link_large&#8220; lightbox=&#8220;yes&#8220; image_gallery=&#8220;yes&#8220; container_class=&#8220;porto-grid-container&#8220; zoom_icon=&#8220;yes&#8220; hover_effect=&#8220;yes&#8220; animation_delay=&#8220;750&#8243; animation_type=&#8220;fadeInLeft&#8220;]<\/div><div class=\"porto-grid-item  overflow-hidden px-0\" style=\"width:25%\">[vc_single_image image=&#8220;866&#8243; img_size=&#8220;large&#8220; alignment=&#8220;center&#8220; onclick=&#8220;img_link_large&#8220; lightbox=&#8220;yes&#8220; image_gallery=&#8220;yes&#8220; container_class=&#8220;porto-grid-container&#8220; zoom_icon=&#8220;yes&#8220; hover_effect=&#8220;yes&#8220; animation_delay=&#8220;750&#8243; animation_type=&#8220;fadeInRight&#8220;]<\/div><div class=\"porto-grid-item  overflow-hidden px-0\" style=\"width:25%\">[vc_single_image image=&#8220;864&#8243; img_size=&#8220;large&#8220; alignment=&#8220;center&#8220; onclick=&#8220;img_link_large&#8220; lightbox=&#8220;yes&#8220; image_gallery=&#8220;yes&#8220; container_class=&#8220;porto-grid-container&#8220; zoom_icon=&#8220;yes&#8220; hover_effect=&#8220;yes&#8220; animation_delay=&#8220;250&#8243; animation_type=&#8220;fadeInLeft&#8220;]<\/div><div class=\"porto-grid-item  overflow-hidden px-0\" style=\"width:50%\">[vc_single_image image=&#8220;863&#8243; img_size=&#8220;large&#8220; alignment=&#8220;center&#8220; onclick=&#8220;img_link_large&#8220; lightbox=&#8220;yes&#8220; image_gallery=&#8220;yes&#8220; container_class=&#8220;porto-grid-container&#8220; zoom_icon=&#8220;yes&#8220; hover_effect=&#8220;yes&#8220; animation_delay=&#8220;500&#8243; animation_type=&#8220;fadeInUp&#8220;]<\/div><div class=\"grid-col-sizer\" style=\"width:25%; flex: 0 0 25%\"><\/div><\/div><style scope=\"scope\">#grid-amzoysfis8vo3iq51abgxpwuh7zej57 .porto-grid-item { padding: 0%; }#grid-amzoysfis8vo3iq51abgxpwuh7zej57 { margin: -0% -0% 0%; }@media (max-width:) {#grid-amzoysfis8vo3iq51abgxpwuh7zej57 { height: auto !important }#grid-amzoysfis8vo3iq51abgxpwuh7zej57 .porto-grid-item:first-child { margin-top: 0 }#grid-amzoysfis8vo3iq51abgxpwuh7zej57 .porto-grid-item { width: 100% !important; position: static !important; float: none }}<\/style><\/div>[\/vc_column][\/vc_row][vc_row no_padding=&#8220;yes&#8220; el_class=&#8220;custom-page-wrapper&#8220; css=&#8220;.vc_custom_1621502546552{margin-bottom: 0px !important;border-bottom-width: 0px !important;background-color: #d1b45f !important;}&#8220;][vc_column][vc_row_inner content_placement=&#8220;middle&#8220; wrap_container=&#8220;yes&#8220; el_class=&#8220;custom-cta-section section section-height-3 border-0 m-0 container-lg-custom&#8220; css=&#8220;.vc_custom_1619585680044{background-color: #d1b45f !important;}&#8220;][vc_column_inner el_class=&#8220;col-xl-9 mb-4 mb-xl-0&#8243; width=&#8220;2\/3&#8243; animation_delay=&#8220;250&#8243; animation_type=&#8220;fadeInRight&#8220;][vc_custom_heading text=&#8220;Sie suchen ihr Traumhaus in Thailand&#8220; font_container=&#8220;tag:h2|font_size:1.2em|text_align:justify|color:%23000000|line_height:42px&#8220; use_theme_fonts=&#8220;yes&#8220; font_weight=&#8220;600&#8243; letter_spacing=&#8220;2.5px&#8220; el_class=&#8220;mb-0 text-center text-xl-left&#8220;][vc_custom_heading text=&#8220;Diese Villa k\u00f6nnte Ihren Traum erf\u00fcllen.&#8220; font_container=&#8220;tag:h3|font_size:2.5em|text_align:justify|color:%23ffffff|line_height:1.2&#8243; use_theme_fonts=&#8220;yes&#8220; font_weight=&#8220;900&#8243; letter_spacing=&#8220;0.02em&#8220; el_class=&#8220;mb-0 text-center text-xl-left&#8220;][\/vc_column_inner][vc_column_inner el_class=&#8220;col-xl-3 text-center text-xl-right&#8220; animation_delay=&#8220;500&#8243; animation_type=&#8220;fadeInRight&#8220;][vc_btn title=&#8220;VIEW MORE&#8220; color=&#8220;white&#8220; skin=&#8220;light&#8220; btn_fs=&#8220;1em&#8220; btn_fw=&#8220;700&#8243; el_cls=&#8220;font-primary custom-btn-style-1 custom-btn-style-1-light px-5 py-3&#8243; animation_delay=&#8220;500&#8243; link=&#8220;url:https%3A%2F%2Ftheamariya.com%2Fde%2Fvillas-und-lageplan%2F&#8220; animation_type=&#8220;fadeInRight&#8220; el_class=&#8220;mb-0&#8243; css=&#8220;.vc_custom_1621515383880{margin-right: -5px !important;}&#8220;][\/vc_column_inner][\/vc_row_inner][\/vc_column][\/vc_row]<\/p>\n","protected":false},"excerpt":{"rendered":"<p>[vc_row el_class=&#8220;custom-background-wrapper&#8220;][vc_column el_class=&#8220;position-relative&#8220;][vc_single_image image=&#8220;115&#8243; img_size=&#8220;full&#8220; animation_delay=&#8220;150&#8243; el_class=&#8220;position-absolute top-0 right-0&#8243; css=&#8220;.vc_custom_1608574066676{background-color: #ffffff !important;}&#8220; animation_type=&#8220;fadeIn&#8220;][\/vc_column][\/vc_row][vc_row wrap_container=&#8220;yes&#8220; el_class=&#8220;custom-page-wrapper info-box-wrapper&#8220;][vc_column][vc_row_inner animation_delay=&#8220;&#8220; el_class=&#8220;mb-5 z-index-1 position-relative overflow-hidden&#8220;][vc_column_inner][\/vc_column_inner][\/vc_row_inner][vc_btn title=&#8220;VIEW VR TOUR&#8220; color=&#8220;white&#8220; size=&#8220;lg&#8220; align=&#8220;center&#8220; skin=&#8220;primary&#8220; btn_fs=&#8220;1em&#8220; btn_fw=&#8220;700&#8243; el_cls=&#8220;font-primary custom-btn-style-1 px-5 py-3&#8243; animation_delay=&#8220;1800&#8243; link=&#8220;url:https%3A%2F%2Ftheamariya.com%2Famatiya%2F|target:_blank&#8220; animation_type=&#8220;fadeInUp&#8220; el_class=&#8220;pl-lg-5&#8243; css=&#8220;.vc_custom_1620365821306{margin-bottom: 37px !important;margin-left: 5px !important;}&#8220;][vc_row_inner content_placement=&#8220;middle&#8220;][vc_column_inner offset=&#8220;vc_hidden-lg vc_hidden-md&#8220;][vc_single_image image=&#8220;852&#8243; img_size=&#8220;full&#8220; alignment=&#8220;center&#8220; animation_delay=&#8220;250&#8243; animation_type=&#8220;fadeInLeft&#8220;][vc_single_image image=&#8220;853&#8243; img_size=&#8220;full&#8220; alignment=&#8220;center&#8220; animation_delay=&#8220;550&#8243; [&hellip;]<\/p>\n","protected":false},"author":1,"featured_media":0,"parent":0,"menu_order":0,"comment_status":"closed","ping_status":"closed","template":"","meta":{"footnotes":""},"class_list":["post-1247","page","type-page","status-publish","hentry"],"aioseo_notices":[],"_links":{"self":[{"href":"https:\/\/theamariya.com\/de\/wp-json\/wp\/v2\/pages\/1247","targetHints":{"allow":["GET"]}}],"collection":[{"href":"https:\/\/theamariya.com\/de\/wp-json\/wp\/v2\/pages"}],"about":[{"href":"https:\/\/theamariya.com\/de\/wp-json\/wp\/v2\/types\/page"}],"author":[{"embeddable":true,"href":"https:\/\/theamariya.com\/de\/wp-json\/wp\/v2\/users\/1"}],"replies":[{"embeddable":true,"href":"https:\/\/theamariya.com\/de\/wp-json\/wp\/v2\/comments?post=1247"}],"version-history":[{"count":13,"href":"https:\/\/theamariya.com\/de\/wp-json\/wp\/v2\/pages\/1247\/revisions"}],"predecessor-version":[{"id":1681,"href":"https:\/\/theamariya.com\/de\/wp-json\/wp\/v2\/pages\/1247\/revisions\/1681"}],"wp:attachment":[{"href":"https:\/\/theamariya.com\/de\/wp-json\/wp\/v2\/media?parent=1247"}],"curies":[{"name":"wp","href":"https:\/\/api.w.org\/{rel}","templated":true}]}}