{"id":1439,"date":"2021-04-28T06:10:12","date_gmt":"2021-04-28T06:10:12","guid":{"rendered":"https:\/\/theamariya.com\/villas-master-plan\/"},"modified":"2021-05-22T04:28:57","modified_gmt":"2021-05-22T04:28:57","slug":"villas-und-lageplan","status":"publish","type":"page","link":"https:\/\/theamariya.com\/de\/villas-und-lageplan\/","title":{"rendered":"Villas und Lageplan"},"content":{"rendered":"<p>[vc_row el_class=&#8220;custom-background-wrapper&#8220;][vc_column el_class=&#8220;position-relative&#8220;][vc_single_image image=&#8220;115&#8243; img_size=&#8220;full&#8220; animation_delay=&#8220;150&#8243; el_class=&#8220;position-absolute top-0 right-0&#8243; css=&#8220;.vc_custom_1608574066676{background-color: #ffffff !important;}&#8220; animation_type=&#8220;fadeIn&#8220;][\/vc_column][\/vc_row][vc_row wrap_container=&#8220;yes&#8220; el_class=&#8220;custom-page-wrapper pt-5 container-lg-custom&#8220;][vc_column][vc_row_inner equal_height=&#8220;yes&#8220; content_placement=&#8220;middle&#8220; el_class=&#8220;align-items-center pt-5 mt-5&#8243;][vc_column_inner el_class=&#8220;position-relative contact-desc pt-5&#8243; width=&#8220;1\/2&#8243;]<div class=\"porto-ultimate-content-box-container position-absolute z-index-0 background-text\" data-appear-animation=\"fadeInRight\" data-appear-animation-delay=\"2000\"><style>#porto_ucb_8040{will-change: box-shadow;box-shadow: none;}<\/style><div class=\"porto-ultimate-content-box has-content-pos justify-content-center\" style=\"\" id=\"porto_ucb_8040\">[vc_custom_heading text=&#8220;AMARIYA&#8220; font_container=&#8220;tag:h2|font_size:9.2rem|text_align:left|color:%23212529|line_height:42px&#8220; use_theme_fonts=&#8220;yes&#8220; font_weight=&#8220;900&#8243; letter_spacing=&#8220;-.05em&#8220; animation_delay=&#8220;&#8220; el_class=&#8220;background-text custom-stroke-text-effect-1 opacity-1 mb-0&#8243;]<\/div><\/div>[vc_custom_heading text=&#8220;AMARIYA HUA HIN&#8220; font_container=&#8220;tag:h2|font_size:1.2em|text_align:left|color:%23777777|line_height:1.3&#8243; use_theme_fonts=&#8220;yes&#8220; font_weight=&#8220;300&#8243; letter_spacing=&#8220;2.5px&#8220; animation_delay=&#8220;1500&#8243; el_class=&#8220;mb-2&#8243; animation_type=&#8220;fadeInUp&#8220;][vc_custom_heading text=&#8220;Villas und Lageplan&#8220; font_container=&#8220;tag:h3|font_size:2.75em|text_align:left|color:%23212529|line_height:1.2&#8243; use_theme_fonts=&#8220;yes&#8220; font_weight=&#8220;900&#8243; letter_spacing=&#8220;-.05em&#8220; animation_delay=&#8220;1700&#8243; animation_type=&#8220;fadeInUp&#8220; el_class=&#8220;mb-3&#8243;][vc_single_image image=&#8220;151&#8243; img_size=&#8220;full&#8220; animation_delay=&#8220;1900&#8243; el_class=&#8220;divider-img&#8220; animation_type=&#8220;fadeInUp&#8220; css=&#8220;.vc_custom_1609033851646{margin-bottom: 13px !important;}&#8220;][vc_custom_heading text=&#8220;Egal wo Sie hinschauen, hier wirkt alles etwas gr\u00f6\u00dfer als sonst. Die Parzellen sind mindestens 700 &#8211; 750 Quadratmeter gro\u00df.&#8220; font_container=&#8220;tag:p|font_size:1.5em|text_align:left|color:%23777777|line_height:1.4&#8243; animation_delay=&#8220;2100&#8243; el_class=&#8220;custom-font-tertiary mb-4&#8243; animation_type=&#8220;fadeInUp&#8220;][vc_custom_heading text=&#8220;Die 261 m\u00b2 unserer kleinsten Villa verteilen sich auf zwei Schlafzimmer, zwei gro\u00dfz\u00fcgig geschnittene B\u00e4der, einen stilvollen, aber auch komfortablen Wohnbereich, die europ\u00e4ische High-Tech-K\u00fcche und einen eleganten Essbereich.&#8220; font_container=&#8220;tag:p|font_size:1.1em|text_align:left|color:%23777777|line_height:26px&#8220; use_theme_fonts=&#8220;yes&#8220; animation_delay=&#8220;2300&#8243; el_class=&#8220;mb-4&#8243; animation_type=&#8220;fadeInUp&#8220;][vc_custom_heading text=&#8220;Im Au\u00dfenbereich befinden sich ein gro\u00dfz\u00fcgig gestalteter 10 X 3,8 m Infinity-Pool sowie die 90 m\u00b2 gro\u00dfe Terrasse, welche Platz f\u00fcr einen schattigen Loungebereich mit Liegest\u00fchlen und Sonnenschirmen bietet.&#8220; font_container=&#8220;tag:p|font_size:1.1em|text_align:left|color:%23777777|line_height:26px&#8220; use_theme_fonts=&#8220;yes&#8220; animation_delay=&#8220;2500&#8243; el_class=&#8220;pb-3 mb-4&#8243; animation_type=&#8220;fadeInUp&#8220;][vc_custom_heading text=&#8220;F\u00fcr diejenigen, die es etwas gr\u00f6\u00dfer m\u00f6gen, bietet sich die 336 m\u00b2 gro\u00dfe Villa mit drei Schlafzimmern, drei B\u00e4dern, G\u00e4ste-WC, Wohn- und Esszimmer, einer monumentalen K\u00fcchenzeile und einer fast 80 m\u00b2gro\u00dfen Terrasse mit beeindruckendem 12 x 3,8 m Infinity-Pool an.&#8220; font_container=&#8220;tag:p|font_size:1.1em|text_align:left|color:%23777777|line_height:26px&#8220; use_theme_fonts=&#8220;yes&#8220; animation_delay=&#8220;2500&#8243; el_class=&#8220;pb-3 mb-4&#8243; animation_type=&#8220;fadeInUp&#8220;][vc_custom_heading text=&#8220;Ein liebevoll gestalteter Garten und ein gro\u00dfz\u00fcgiger Carport runden das Gesamtbild Ihrer Villa ab.&#8220; font_container=&#8220;tag:p|font_size:1.1em|text_align:left|color:%23777777|line_height:26px&#8220; use_theme_fonts=&#8220;yes&#8220; animation_delay=&#8220;2500&#8243; el_class=&#8220;pb-3 mb-4&#8243; animation_type=&#8220;fadeInUp&#8220;][vc_custom_heading text=&#8220;Aber es ist nicht nur die einzigartige Architektur, sondern auch das durchdachte Konzept zum Energiesparen mit besonders dicken Au\u00dfen- und Innenw\u00e4nden, \u00fcberdachten Terrassen und einer Kombination aus schr\u00e4g angeordneten D\u00e4chern, die unsere Villen zu etwas Besonderem machen.&#8220; font_container=&#8220;tag:p|font_size:1.1em|text_align:left|color:%23777777|line_height:26px&#8220; use_theme_fonts=&#8220;yes&#8220; animation_delay=&#8220;2500&#8243; el_class=&#8220;pb-3 mb-4&#8243; animation_type=&#8220;fadeInUp&#8220;][\/vc_column_inner][vc_column_inner width=&#8220;1\/2&#8243;][vc_single_image image=&#8220;892&#8243; img_size=&#8220;full&#8220;][vc_column_text]<\/p>\n<h4 style=\"text-align: center;\">Diese Villa k\u00f6nnte Ihren Traum erf\u00fcllen.<\/h4>\n<p>[\/vc_column_text][\/vc_column_inner][\/vc_row_inner][\/vc_column][\/vc_row][vc_row wrap_container=&#8220;yes&#8220; no_padding=&#8220;yes&#8220; el_class=&#8220;custom-page-wrapper container-lg-custom&#8220;][vc_column][vc_separator color=&#8220;custom&#8220; border_width=&#8220;2&#8243; style=&#8220;solid&#8220; css=&#8220;.vc_custom_1619595545605{background-color: rgba(0,0,0,0.06) !important;*background-color: rgb(0,0,0) !important;}&#8220; el_class=&#8220;my-0&#8243; accent_color=&#8220;#ccac5f&#8220;][vc_custom_heading text=&#8220;MASTER PLAN&#8220; font_container=&#8220;tag:h3|font_size:2.75em|text_align:center|color:%23212529|line_height:1.2&#8243; use_theme_fonts=&#8220;yes&#8220; font_weight=&#8220;900&#8243; letter_spacing=&#8220;0.02em&#8220; animation_delay=&#8220;&#8220; el_class=&#8220;mb-4&#8243; css=&#8220;.vc_custom_1619595353869{padding-top: 30px !important;}&#8220;][vc_single_image image=&#8220;910&#8243; img_size=&#8220;full&#8220; alignment=&#8220;center&#8220;][vc_single_image image=&#8220;1229&#8243; img_size=&#8220;full&#8220; alignment=&#8220;center&#8220;][\/vc_column][\/vc_row][vc_row wrap_container=&#8220;yes&#8220; el_class=&#8220;custom-page-wrapper container-lg-custom&#8220; el_id=&#8220;typeA&#8220;][vc_column][vc_row_inner equal_height=&#8220;yes&#8220; content_placement=&#8220;middle&#8220; el_class=&#8220;align-items-center&#8220;][vc_column_inner el_class=&#8220;position-relative contact-desc pt-5&#8243; width=&#8220;1\/3&#8243;]<div class=\"porto-ultimate-content-box-container position-absolute z-index-0 background-text\" data-appear-animation=\"fadeInRight\" data-appear-animation-delay=\"2000\"><style>#porto_ucb_6973{will-change: box-shadow;box-shadow: none;}<\/style><div class=\"porto-ultimate-content-box has-content-pos justify-content-center\" style=\"\" id=\"porto_ucb_6973\">[vc_custom_heading text=&#8220;AMARIYA&#8220; font_container=&#8220;tag:h2|font_size:9.2rem|text_align:left|color:%23212529|line_height:42px&#8220; use_theme_fonts=&#8220;yes&#8220; font_weight=&#8220;900&#8243; letter_spacing=&#8220;-.05em&#8220; animation_delay=&#8220;&#8220; el_class=&#8220;background-text custom-stroke-text-effect-1 opacity-1 mb-0&#8243;]<\/div><\/div>[vc_custom_heading text=&#8220;AMARIYA HUA HIN&#8220; font_container=&#8220;tag:h2|font_size:1.2em|text_align:left|color:%23777777|line_height:1.3&#8243; use_theme_fonts=&#8220;yes&#8220; font_weight=&#8220;300&#8243; letter_spacing=&#8220;2.5px&#8220; animation_delay=&#8220;1500&#8243; el_class=&#8220;mb-2&#8243; animation_type=&#8220;fadeInUp&#8220;][vc_custom_heading text=&#8220;Type A&#8220; font_container=&#8220;tag:h3|font_size:2.75em|text_align:left|color:%23212529|line_height:1.2&#8243; use_theme_fonts=&#8220;yes&#8220; font_weight=&#8220;900&#8243; letter_spacing=&#8220;-.05em&#8220; animation_delay=&#8220;1700&#8243; animation_type=&#8220;fadeInUp&#8220; el_class=&#8220;mb-3&#8243;][vc_single_image image=&#8220;151&#8243; img_size=&#8220;full&#8220; animation_delay=&#8220;1900&#8243; el_class=&#8220;divider-img&#8220; animation_type=&#8220;fadeInUp&#8220; css=&#8220;.vc_custom_1609033851646{margin-bottom: 13px !important;}&#8220;][vc_custom_heading text=&#8220;Zwei Schlafzimmer Villa&#8220; font_container=&#8220;tag:h2|font_size:2em|text_align:left|color:%23c1a64d|line_height:1.3&#8243; use_theme_fonts=&#8220;yes&#8220; font_weight=&#8220;700&#8243; letter_spacing=&#8220;2.5px&#8220; animation_delay=&#8220;&#8220; el_class=&#8220;mb-2&#8243;][vc_column_text]<strong>Beschreibung:<\/strong> 2 Schlafr\u00e4ume, 2 Badezimmer<br \/>\n<strong>Innenwohnfl\u00e4che:<\/strong> 171 m\u00b2<br \/>\n<strong>Terrasse:<\/strong> 90 m\u00b2<br \/>\n<strong>Gesamtwohnfl\u00e4che:<\/strong> 261 m\u00b2<br \/>\n<strong>Poolgr\u00f6\u00dfe:<\/strong> 10 X 3,80 m<br \/>\n<strong>Grundst\u00fccksfl\u00e4che:<\/strong> ab 700 m\u00b2[\/vc_column_text][vc_single_image image=&#8220;932&#8243; img_size=&#8220;full&#8220; title=&#8220;FLOOR PLAN&#8220;][\/vc_column_inner][vc_column_inner width=&#8220;2\/3&#8243;][vc_single_image image=&#8220;973&#8243; img_size=&#8220;full&#8220;][vc_single_image image=&#8220;966&#8243; img_size=&#8220;full&#8220;][\/vc_column_inner][\/vc_row_inner][\/vc_column][\/vc_row][vc_row wrap_container=&#8220;yes&#8220; el_class=&#8220;custom-page-wrapper pt-5 container-lg-custom&#8220; el_id=&#8220;typeB&#8220;][vc_column][vc_row_inner equal_height=&#8220;yes&#8220; content_placement=&#8220;middle&#8220; el_class=&#8220;align-items-center pt-5 mt-5&#8243;][vc_column_inner el_class=&#8220;position-relative contact-desc pt-5&#8243; width=&#8220;1\/3&#8243;]<div class=\"porto-ultimate-content-box-container position-absolute z-index-0 background-text\" data-appear-animation=\"fadeInRight\" data-appear-animation-delay=\"2000\"><style>#porto_ucb_9640{will-change: box-shadow;box-shadow: none;}<\/style><div class=\"porto-ultimate-content-box has-content-pos justify-content-center\" style=\"\" id=\"porto_ucb_9640\">[vc_custom_heading text=&#8220;AMARIYA&#8220; font_container=&#8220;tag:h2|font_size:9.2rem|text_align:left|color:%23212529|line_height:42px&#8220; use_theme_fonts=&#8220;yes&#8220; font_weight=&#8220;900&#8243; letter_spacing=&#8220;-.05em&#8220; animation_delay=&#8220;&#8220; el_class=&#8220;background-text custom-stroke-text-effect-1 opacity-1 mb-0&#8243;]<\/div><\/div>[vc_custom_heading text=&#8220;AMARIYA HUA HIN&#8220; font_container=&#8220;tag:h2|font_size:1.2em|text_align:left|color:%23777777|line_height:1.3&#8243; use_theme_fonts=&#8220;yes&#8220; font_weight=&#8220;300&#8243; letter_spacing=&#8220;2.5px&#8220; animation_delay=&#8220;1500&#8243; el_class=&#8220;mb-2&#8243; animation_type=&#8220;fadeInUp&#8220;][vc_custom_heading text=&#8220;Type B&#8220; font_container=&#8220;tag:h3|font_size:2.75em|text_align:left|color:%23212529|line_height:1.2&#8243; use_theme_fonts=&#8220;yes&#8220; font_weight=&#8220;900&#8243; letter_spacing=&#8220;-.05em&#8220; animation_delay=&#8220;1700&#8243; animation_type=&#8220;fadeInUp&#8220; el_class=&#8220;mb-3&#8243;][vc_single_image image=&#8220;151&#8243; img_size=&#8220;full&#8220; animation_delay=&#8220;1900&#8243; el_class=&#8220;divider-img&#8220; animation_type=&#8220;fadeInUp&#8220; css=&#8220;.vc_custom_1609033851646{margin-bottom: 13px !important;}&#8220;][vc_custom_heading text=&#8220;Drei Schlafzimmer Villa (B)&#8220; font_container=&#8220;tag:h2|font_size:2em|text_align:left|color:%23c1a64d|line_height:1.3&#8243; use_theme_fonts=&#8220;yes&#8220; font_weight=&#8220;700&#8243; letter_spacing=&#8220;2.5px&#8220; animation_delay=&#8220;&#8220; el_class=&#8220;mb-2&#8243;][vc_column_text]<strong>Beschreibung:<\/strong> 3 Schlafr\u00e4ume, 3 Badezimmer<br \/>\n1 G\u00e4ste WC<br \/>\n<strong>Innenwohnfl\u00e4che:<\/strong> 223 m\u00b2<br \/>\n<strong>Terrasse:<\/strong> 50 m\u00b2<br \/>\n<strong>Gesamtwohnfl\u00e4che:<\/strong> 273 m\u00b2<br \/>\n<strong>Poolgr\u00f6\u00dfe:<\/strong> 12 X 3,80 m<br \/>\n<strong>Grundst\u00fccksfl\u00e4che:<\/strong> ab 700 m\u00b2[\/vc_column_text][vc_single_image image=&#8220;971&#8243; img_size=&#8220;full&#8220; title=&#8220;FLOOR PLAN&#8220;][\/vc_column_inner][vc_column_inner width=&#8220;2\/3&#8243;][vc_single_image image=&#8220;847&#8243; img_size=&#8220;full&#8220;][vc_single_image image=&#8220;974&#8243; img_size=&#8220;full&#8220;][\/vc_column_inner][\/vc_row_inner][\/vc_column][\/vc_row][vc_row wrap_container=&#8220;yes&#8220; el_class=&#8220;custom-page-wrapper pt-5 container-lg-custom&#8220; el_id=&#8220;typeC&#8220;][vc_column][vc_row_inner equal_height=&#8220;yes&#8220; content_placement=&#8220;middle&#8220; el_class=&#8220;align-items-center pt-5 mt-5&#8243;][vc_column_inner el_class=&#8220;position-relative contact-desc pt-5&#8243; width=&#8220;1\/3&#8243;]<div class=\"porto-ultimate-content-box-container position-absolute z-index-0 background-text\" data-appear-animation=\"fadeInRight\" data-appear-animation-delay=\"2000\"><style>#porto_ucb_1034{will-change: box-shadow;box-shadow: none;}<\/style><div class=\"porto-ultimate-content-box has-content-pos justify-content-center\" style=\"\" id=\"porto_ucb_1034\">[vc_custom_heading text=&#8220;AMARIYA&#8220; font_container=&#8220;tag:h2|font_size:9.2rem|text_align:left|color:%23212529|line_height:42px&#8220; use_theme_fonts=&#8220;yes&#8220; font_weight=&#8220;900&#8243; letter_spacing=&#8220;-.05em&#8220; animation_delay=&#8220;&#8220; el_class=&#8220;background-text custom-stroke-text-effect-1 opacity-1 mb-0&#8243;]<\/div><\/div>[vc_custom_heading text=&#8220;AMARIYA HUA HIN&#8220; font_container=&#8220;tag:h2|font_size:1.2em|text_align:left|color:%23777777|line_height:1.3&#8243; use_theme_fonts=&#8220;yes&#8220; font_weight=&#8220;300&#8243; letter_spacing=&#8220;2.5px&#8220; animation_delay=&#8220;1500&#8243; el_class=&#8220;mb-2&#8243; animation_type=&#8220;fadeInUp&#8220;][vc_custom_heading text=&#8220;Type C&#8220; font_container=&#8220;tag:h3|font_size:2.75em|text_align:left|color:%23212529|line_height:1.2&#8243; use_theme_fonts=&#8220;yes&#8220; font_weight=&#8220;900&#8243; letter_spacing=&#8220;-.05em&#8220; animation_delay=&#8220;1700&#8243; animation_type=&#8220;fadeInUp&#8220; el_class=&#8220;mb-3&#8243;][vc_single_image image=&#8220;151&#8243; img_size=&#8220;full&#8220; animation_delay=&#8220;1900&#8243; el_class=&#8220;divider-img&#8220; animation_type=&#8220;fadeInUp&#8220; css=&#8220;.vc_custom_1609033851646{margin-bottom: 13px !important;}&#8220;][vc_custom_heading text=&#8220;Drei Schlafzimmer Villa (C)&#8220; font_container=&#8220;tag:h2|font_size:2em|text_align:left|color:%23c1a64d|line_height:1.3&#8243; use_theme_fonts=&#8220;yes&#8220; font_weight=&#8220;700&#8243; letter_spacing=&#8220;2.5px&#8220; animation_delay=&#8220;&#8220; el_class=&#8220;mb-2&#8243;][vc_column_text]<strong>Beschreibung:<\/strong> 3 Schlafr\u00e4ume, 3 Badezimmer<br \/>\n1 G\u00e4ste WC<br \/>\n<strong>Innenwohnfl\u00e4che:<\/strong> 257 m\u00b2<br \/>\n<strong>Terrasse:<\/strong> 79 m\u00b2<br \/>\n<strong>Gesamtwohnfl\u00e4che:<\/strong> 336 m\u00b2<br \/>\n<strong>Poolgr\u00f6\u00dfe:<\/strong> 12 X 3,80 m<br \/>\n<strong>Grundst\u00fccksfl\u00e4che:<\/strong> ab 750 m\u00b2[\/vc_column_text][vc_single_image image=&#8220;977&#8243; img_size=&#8220;full&#8220; title=&#8220;FLOOR PLAN&#8220;][\/vc_column_inner][vc_column_inner width=&#8220;2\/3&#8243;][vc_single_image image=&#8220;979&#8243; img_size=&#8220;full&#8220;][vc_single_image image=&#8220;980&#8243; img_size=&#8220;full&#8220;][\/vc_column_inner][\/vc_row_inner][\/vc_column][\/vc_row][vc_row wrap_container=&#8220;yes&#8220; el_class=&#8220;custom-page-wrapper pt-5 container-lg-custom&#8220; el_id=&#8220;typeD&#8220;][vc_column][vc_row_inner equal_height=&#8220;yes&#8220; content_placement=&#8220;middle&#8220; el_class=&#8220;align-items-center pt-5 mt-5&#8243;][vc_column_inner el_class=&#8220;position-relative contact-desc pt-5&#8243; width=&#8220;1\/3&#8243;]<div class=\"porto-ultimate-content-box-container position-absolute z-index-0 background-text\" data-appear-animation=\"fadeInRight\" data-appear-animation-delay=\"2000\"><style>#porto_ucb_7123{will-change: box-shadow;box-shadow: none;}<\/style><div class=\"porto-ultimate-content-box has-content-pos justify-content-center\" style=\"\" id=\"porto_ucb_7123\">[vc_custom_heading text=&#8220;AMARIYA&#8220; font_container=&#8220;tag:h2|font_size:9.2rem|text_align:left|color:%23212529|line_height:42px&#8220; use_theme_fonts=&#8220;yes&#8220; font_weight=&#8220;900&#8243; letter_spacing=&#8220;-.05em&#8220; animation_delay=&#8220;&#8220; el_class=&#8220;background-text custom-stroke-text-effect-1 opacity-1 mb-0&#8243;]<\/div><\/div>[vc_custom_heading text=&#8220;AMARIYA HUA HIN&#8220; font_container=&#8220;tag:h2|font_size:1.2em|text_align:left|color:%23777777|line_height:1.3&#8243; use_theme_fonts=&#8220;yes&#8220; font_weight=&#8220;300&#8243; letter_spacing=&#8220;2.5px&#8220; animation_delay=&#8220;1500&#8243; el_class=&#8220;mb-2&#8243; animation_type=&#8220;fadeInUp&#8220;][vc_custom_heading text=&#8220;Type D&#8220; font_container=&#8220;tag:h3|font_size:2.75em|text_align:left|color:%23212529|line_height:1.2&#8243; use_theme_fonts=&#8220;yes&#8220; font_weight=&#8220;900&#8243; letter_spacing=&#8220;-.05em&#8220; animation_delay=&#8220;1700&#8243; animation_type=&#8220;fadeInUp&#8220; el_class=&#8220;mb-3&#8243;][vc_single_image image=&#8220;151&#8243; img_size=&#8220;full&#8220; animation_delay=&#8220;1900&#8243; el_class=&#8220;divider-img&#8220; animation_type=&#8220;fadeInUp&#8220; css=&#8220;.vc_custom_1609033851646{margin-bottom: 13px !important;}&#8220;][vc_custom_heading text=&#8220;Drei Schlafzimmer Villa (D)&#8220; font_container=&#8220;tag:h2|font_size:2em|text_align:left|color:%23c1a64d|line_height:1.3&#8243; use_theme_fonts=&#8220;yes&#8220; font_weight=&#8220;700&#8243; letter_spacing=&#8220;2.5px&#8220; animation_delay=&#8220;&#8220; el_class=&#8220;mb-2&#8243;][vc_column_text]<strong>Beschreibung:<\/strong> 3 Schlafr\u00e4ume, 3 Badezimmer<br \/>\n1 G\u00e4ste WC<br \/>\n<strong>Innenwohnfl\u00e4che:<\/strong> 257 m\u00b2<br \/>\n<strong>Terrasse:<\/strong> 79 m\u00b2<br \/>\n<strong>Gesamtwohnfl\u00e4che:<\/strong> 336 m\u00b2<br \/>\n<strong>Poolgr\u00f6\u00dfe:<\/strong> 12 X 3,80 m<br \/>\n<strong>Grundst\u00fccksfl\u00e4che:<\/strong> ab 750 m\u00b2[\/vc_column_text][vc_single_image image=&#8220;981&#8243; img_size=&#8220;full&#8220; title=&#8220;FLOOR PLAN&#8220;][\/vc_column_inner][vc_column_inner width=&#8220;2\/3&#8243;][vc_single_image image=&#8220;982&#8243; img_size=&#8220;full&#8220;][vc_single_image image=&#8220;1384&#8243; img_size=&#8220;full&#8220; label=&#8220;&#8220;][\/vc_column_inner][\/vc_row_inner][\/vc_column][\/vc_row]<\/p>\n","protected":false},"excerpt":{"rendered":"<p>[vc_row el_class=&#8220;custom-background-wrapper&#8220;][vc_column el_class=&#8220;position-relative&#8220;][vc_single_image image=&#8220;115&#8243; img_size=&#8220;full&#8220; animation_delay=&#8220;150&#8243; el_class=&#8220;position-absolute top-0 right-0&#8243; css=&#8220;.vc_custom_1608574066676{background-color: #ffffff !important;}&#8220; animation_type=&#8220;fadeIn&#8220;][\/vc_column][\/vc_row][vc_row wrap_container=&#8220;yes&#8220; el_class=&#8220;custom-page-wrapper pt-5 container-lg-custom&#8220;][vc_column][vc_row_inner equal_height=&#8220;yes&#8220; content_placement=&#8220;middle&#8220; el_class=&#8220;align-items-center pt-5 mt-5&#8243;][vc_column_inner el_class=&#8220;position-relative contact-desc pt-5&#8243; width=&#8220;1\/2&#8243;][vc_custom_heading text=&#8220;AMARIYA HUA HIN&#8220; font_container=&#8220;tag:h2|font_size:1.2em|text_align:left|color:%23777777|line_height:1.3&#8243; use_theme_fonts=&#8220;yes&#8220; font_weight=&#8220;300&#8243; letter_spacing=&#8220;2.5px&#8220; animation_delay=&#8220;1500&#8243; el_class=&#8220;mb-2&#8243; animation_type=&#8220;fadeInUp&#8220;][vc_custom_heading text=&#8220;Villas und Lageplan&#8220; font_container=&#8220;tag:h3|font_size:2.75em|text_align:left|color:%23212529|line_height:1.2&#8243; use_theme_fonts=&#8220;yes&#8220; font_weight=&#8220;900&#8243; letter_spacing=&#8220;-.05em&#8220; animation_delay=&#8220;1700&#8243; animation_type=&#8220;fadeInUp&#8220; el_class=&#8220;mb-3&#8243;][vc_single_image image=&#8220;151&#8243; img_size=&#8220;full&#8220; animation_delay=&#8220;1900&#8243; el_class=&#8220;divider-img&#8220; animation_type=&#8220;fadeInUp&#8220; css=&#8220;.vc_custom_1609033851646{margin-bottom: 13px !important;}&#8220;][vc_custom_heading text=&#8220;Egal [&hellip;]<\/p>\n","protected":false},"author":1,"featured_media":0,"parent":0,"menu_order":0,"comment_status":"closed","ping_status":"closed","template":"","meta":{"footnotes":""},"class_list":["post-1439","page","type-page","status-publish","hentry"],"aioseo_notices":[],"_links":{"self":[{"href":"https:\/\/theamariya.com\/de\/wp-json\/wp\/v2\/pages\/1439","targetHints":{"allow":["GET"]}}],"collection":[{"href":"https:\/\/theamariya.com\/de\/wp-json\/wp\/v2\/pages"}],"about":[{"href":"https:\/\/theamariya.com\/de\/wp-json\/wp\/v2\/types\/page"}],"author":[{"embeddable":true,"href":"https:\/\/theamariya.com\/de\/wp-json\/wp\/v2\/users\/1"}],"replies":[{"embeddable":true,"href":"https:\/\/theamariya.com\/de\/wp-json\/wp\/v2\/comments?post=1439"}],"version-history":[{"count":6,"href":"https:\/\/theamariya.com\/de\/wp-json\/wp\/v2\/pages\/1439\/revisions"}],"predecessor-version":[{"id":1479,"href":"https:\/\/theamariya.com\/de\/wp-json\/wp\/v2\/pages\/1439\/revisions\/1479"}],"wp:attachment":[{"href":"https:\/\/theamariya.com\/de\/wp-json\/wp\/v2\/media?parent=1439"}],"curies":[{"name":"wp","href":"https:\/\/api.w.org\/{rel}","templated":true}]}}