{"id":1443,"date":"2020-12-14T02:34:03","date_gmt":"2020-12-14T02:34:03","guid":{"rendered":"https:\/\/theamariya.com\/facilities\/"},"modified":"2021-05-20T12:52:42","modified_gmt":"2021-05-20T12:52:42","slug":"facilities","status":"publish","type":"page","link":"https:\/\/theamariya.com\/de\/facilities\/","title":{"rendered":"Facilities"},"content":{"rendered":"<p>[vc_row el_class=&#8220;custom-background-wrapper&#8220;][vc_column el_class=&#8220;position-relative&#8220;][vc_single_image image=&#8220;115&#8243; img_size=&#8220;full&#8220; animation_delay=&#8220;150&#8243; el_class=&#8220;position-absolute top-0 right-0&#8243; css=&#8220;.vc_custom_1608574066676{background-color: #ffffff !important;}&#8220; animation_type=&#8220;fadeIn&#8220;][\/vc_column][\/vc_row][vc_row wrap_container=&#8220;yes&#8220; el_class=&#8220;custom-page-wrapper pt-5 container-lg-custom&#8220;][vc_column][vc_row_inner equal_height=&#8220;yes&#8220; content_placement=&#8220;middle&#8220; el_class=&#8220;align-items-center pt-5 mt-5&#8243; el_id=&#8220;start&#8220;][vc_column_inner el_class=&#8220;position-relative contact-desc pt-5&#8243;]<div class=\"porto-ultimate-content-box-container position-absolute z-index-0 background-text\" data-appear-animation=\"fadeInRight\" data-appear-animation-delay=\"2000\"><style>#porto_ucb_5802{will-change: box-shadow;box-shadow: none;}<\/style><div class=\"porto-ultimate-content-box has-content-pos justify-content-center\" style=\"\" id=\"porto_ucb_5802\">[vc_custom_heading text=&#8220;AMARIYA&#8220; font_container=&#8220;tag:h2|font_size:9.2rem|text_align:left|color:%23212529|line_height:42px&#8220; use_theme_fonts=&#8220;yes&#8220; font_weight=&#8220;900&#8243; letter_spacing=&#8220;-.05em&#8220; animation_delay=&#8220;&#8220; el_class=&#8220;background-text custom-stroke-text-effect-1 opacity-1 mb-0&#8243;]<\/div><\/div>[vc_custom_heading text=&#8220;FACILITY&#8220; font_container=&#8220;tag:h3|font_size:2.75em|text_align:left|color:%23212529|line_height:1.2&#8243; use_theme_fonts=&#8220;yes&#8220; font_weight=&#8220;900&#8243; letter_spacing=&#8220;0.02em&#8220; animation_delay=&#8220;1700&#8243; animation_type=&#8220;fadeInUp&#8220; el_class=&#8220;mb-3&#8243;][vc_single_image image=&#8220;151&#8243; img_size=&#8220;full&#8220; animation_delay=&#8220;1900&#8243; el_class=&#8220;divider-img&#8220; animation_type=&#8220;fadeInUp&#8220; css=&#8220;.vc_custom_1609033851646{margin-bottom: 13px !important;}&#8220;][vc_custom_heading text=&#8220;The AMARIYA Project is located on the 40 Acres &#8222;VANA VARIN RESORT&#8222; site.<\/p>\n<p>This bookable holiday and conference resort offers villas in bungalow style around a lake with all possibilities of sports and leisure activities, which of course are available to the residents of the AMARIYA housing complex.<\/p>\n<p>This beautiful complex offers a wide range of facilities that serve the comfort of guests and residents:<\/p>\n<p>Restaurant and clubhouse on the lakeshore, large communal pool, activities such as boating, cycling, jogging, a climbing forest and a sports field. And enjoy your walks in nature.&#8220; font_container=&#8220;tag:p|font_size:1.1em|text_align:left|color:%23777777|line_height:26px&#8220; use_theme_fonts=&#8220;yes&#8220; animation_delay=&#8220;2300&#8243; el_class=&#8220;mb-4&#8243; animation_type=&#8220;fadeInUp&#8220;][vc_single_image image=&#8220;1076&#8243; img_size=&#8220;full&#8220;][\/vc_column_inner][\/vc_row_inner][\/vc_column][\/vc_row][vc_row wrap_container=&#8220;yes&#8220; el_class=&#8220;custom-page-wrapper pt-5 container-lg-custom&#8220;][vc_column][vc_row_inner equal_height=&#8220;yes&#8220; content_placement=&#8220;middle&#8220; el_class=&#8220;align-items-center pt-5 mt-5&#8243;][vc_column_inner el_class=&#8220;position-relative contact-desc pt-5&#8243;]<div class=\"porto-ultimate-content-box-container position-absolute z-index-0 background-text\" data-appear-animation=\"fadeInRight\" data-appear-animation-delay=\"2000\"><style>#porto_ucb_5681{will-change: box-shadow;box-shadow: none;}<\/style><div class=\"porto-ultimate-content-box has-content-pos justify-content-center\" style=\"\" id=\"porto_ucb_5681\">[vc_custom_heading text=&#8220;AMARIYA&#8220; font_container=&#8220;tag:h2|font_size:9.2rem|text_align:left|color:%23212529|line_height:42px&#8220; use_theme_fonts=&#8220;yes&#8220; font_weight=&#8220;900&#8243; letter_spacing=&#8220;-.05em&#8220; animation_delay=&#8220;&#8220; el_class=&#8220;background-text custom-stroke-text-effect-1 opacity-1 mb-0&#8243;]<\/div><\/div>[vc_custom_heading text=&#8220;VANA VARIN RESORT&#8220; font_container=&#8220;tag:h3|font_size:2.75em|text_align:left|color:%23212529|line_height:1.2&#8243; use_theme_fonts=&#8220;yes&#8220; font_weight=&#8220;900&#8243; letter_spacing=&#8220;0.02em&#8220; animation_delay=&#8220;1700&#8243; animation_type=&#8220;fadeInUp&#8220; el_class=&#8220;mb-3&#8243;][vc_single_image image=&#8220;151&#8243; img_size=&#8220;full&#8220; animation_delay=&#8220;1900&#8243; el_class=&#8220;divider-img&#8220; animation_type=&#8220;fadeInUp&#8220; css=&#8220;.vc_custom_1609033851646{margin-bottom: 13px !important;}&#8220;][vc_custom_heading text=&#8220;Sie planen einen erholsamen Urlaub in Hua Hin<\/p>\n<p>Dann buchen Sie einfach unser etwas anderes &#8222;VANA VARIN RESORT&#8222;<\/p>\n<p>Das an einem See gelegene &#8222;Vana Varin Resort&#8222; bietet Ihnen tropische Bungalows, die geschmackvoll eingerichtet sind und mitten im Gr\u00fcnen liegen. Kostenlose Parkpl\u00e4tze, ein Au\u00dfenpool, ein Spa und ein Restaurant am See gibt es hier au\u00dferdem.<\/p>\n<p>Das Resort Vana Varin liegt im ruhigen Bezirk Thap Tai, nur 9 km von Hua Hins Strand und dem Nachtmarkt entfernt. Den Banyan Golf Club in Hua Hin erreichen Sie in 15 Autominuten.&#8220; font_container=&#8220;tag:p|font_size:1.1em|text_align:left|color:%23777777|line_height:26px&#8220; use_theme_fonts=&#8220;yes&#8220; animation_delay=&#8220;2300&#8243; el_class=&#8220;mb-4&#8243; animation_type=&#8220;fadeInUp&#8220;][vc_single_image image=&#8220;1079&#8243; img_size=&#8220;full&#8220;][\/vc_column_inner][\/vc_row_inner][\/vc_column][\/vc_row][vc_row wrap_container=&#8220;yes&#8220; el_class=&#8220;custom-page-wrapper pt-5 container-lg-custom&#8220;][vc_column][vc_row_inner equal_height=&#8220;yes&#8220; content_placement=&#8220;middle&#8220; el_class=&#8220;align-items-center pt-5 mt-5&#8243;][vc_column_inner el_class=&#8220;position-relative contact-desc pt-5&#8243;]<div class=\"porto-ultimate-content-box-container position-absolute z-index-0 background-text\" data-appear-animation=\"fadeInRight\" data-appear-animation-delay=\"2000\"><style>#porto_ucb_6745{will-change: box-shadow;box-shadow: none;}<\/style><div class=\"porto-ultimate-content-box has-content-pos justify-content-center\" style=\"\" id=\"porto_ucb_6745\">[vc_custom_heading text=&#8220;AMARIYA&#8220; font_container=&#8220;tag:h2|font_size:9.2rem|text_align:left|color:%23212529|line_height:42px&#8220; use_theme_fonts=&#8220;yes&#8220; font_weight=&#8220;900&#8243; letter_spacing=&#8220;-.05em&#8220; animation_delay=&#8220;&#8220; el_class=&#8220;background-text custom-stroke-text-effect-1 opacity-1 mb-0&#8243;]<\/div><\/div>[vc_custom_heading text=&#8220;HUA HIN&#8220; font_container=&#8220;tag:h3|font_size:2.75em|text_align:left|color:%23212529|line_height:1.2&#8243; use_theme_fonts=&#8220;yes&#8220; font_weight=&#8220;900&#8243; letter_spacing=&#8220;0.02em&#8220; animation_delay=&#8220;1700&#8243; animation_type=&#8220;fadeInUp&#8220; el_class=&#8220;mb-3&#8243;][vc_single_image image=&#8220;151&#8243; img_size=&#8220;full&#8220; animation_delay=&#8220;1900&#8243; el_class=&#8220;divider-img&#8220; animation_type=&#8220;fadeInUp&#8220; css=&#8220;.vc_custom_1609033851646{margin-bottom: 13px !important;}&#8220;][vc_custom_heading text=&#8220;Das k\u00f6nigliche Seebad &#8222;Hua Hin&#8222; befindet sich ca. 220 km s\u00fcdlich von Bangkok direkt am Golf von Thailand.<\/p>\n<p>Hier finden Sie alles was eine moderne Stadt ausmacht.<\/p>\n<p>Hua Hin bietet Ihnen einen fantastischen kilometerlangen Strand und erstklassige Restaurants.<\/p>\n<p>Zu enpfehlen sind aber auch die unz\u00e4hligen Thai Restaurants.<\/p>\n<p>Weiterhin bietet Ihnen Hua Hin das moderne Leben mit zwei erstklassigen Shopping Malls sowie mehrerer vorz\u00fcglicher Golf Clubs und Freizeitparks.<\/p>\n<p>Sie werden nichts vermissen, da es um Hua Hin herum viele Ausflugsziele gibt und weiterhin ein sehr kulturelles Programm geboten wird.<\/p>\n<p>Aber auch das erstklassige &#8222;Bangkok Hospital&#8222; befindet sich in Hua Hin.&#8220; font_container=&#8220;tag:p|font_size:1.1em|text_align:left|color:%23777777|line_height:26px&#8220; use_theme_fonts=&#8220;yes&#8220; animation_delay=&#8220;2300&#8243; el_class=&#8220;mb-4&#8243; animation_type=&#8220;fadeInUp&#8220;][vc_single_image image=&#8220;1081&#8243; img_size=&#8220;full&#8220;][\/vc_column_inner][\/vc_row_inner][\/vc_column][\/vc_row]<\/p>\n","protected":false},"excerpt":{"rendered":"<p>[vc_row el_class=&#8220;custom-background-wrapper&#8220;][vc_column el_class=&#8220;position-relative&#8220;][vc_single_image image=&#8220;115&#8243; img_size=&#8220;full&#8220; animation_delay=&#8220;150&#8243; el_class=&#8220;position-absolute top-0 right-0&#8243; css=&#8220;.vc_custom_1608574066676{background-color: #ffffff !important;}&#8220; animation_type=&#8220;fadeIn&#8220;][\/vc_column][\/vc_row][vc_row wrap_container=&#8220;yes&#8220; el_class=&#8220;custom-page-wrapper pt-5 container-lg-custom&#8220;][vc_column][vc_row_inner equal_height=&#8220;yes&#8220; content_placement=&#8220;middle&#8220; el_class=&#8220;align-items-center pt-5 mt-5&#8243; el_id=&#8220;start&#8220;][vc_column_inner el_class=&#8220;position-relative contact-desc pt-5&#8243;][vc_custom_heading text=&#8220;FACILITY&#8220; font_container=&#8220;tag:h3|font_size:2.75em|text_align:left|color:%23212529|line_height:1.2&#8243; use_theme_fonts=&#8220;yes&#8220; font_weight=&#8220;900&#8243; letter_spacing=&#8220;0.02em&#8220; animation_delay=&#8220;1700&#8243; animation_type=&#8220;fadeInUp&#8220; el_class=&#8220;mb-3&#8243;][vc_single_image image=&#8220;151&#8243; img_size=&#8220;full&#8220; animation_delay=&#8220;1900&#8243; el_class=&#8220;divider-img&#8220; animation_type=&#8220;fadeInUp&#8220; css=&#8220;.vc_custom_1609033851646{margin-bottom: 13px !important;}&#8220;][vc_custom_heading text=&#8220;The AMARIYA Project is located on the 40 Acres &#8222;VANA VARIN RESORT&#8222; site. [&hellip;]<\/p>\n","protected":false},"author":1,"featured_media":0,"parent":0,"menu_order":0,"comment_status":"closed","ping_status":"closed","template":"","meta":{"footnotes":""},"class_list":["post-1443","page","type-page","status-publish","hentry"],"aioseo_notices":[],"_links":{"self":[{"href":"https:\/\/theamariya.com\/de\/wp-json\/wp\/v2\/pages\/1443","targetHints":{"allow":["GET"]}}],"collection":[{"href":"https:\/\/theamariya.com\/de\/wp-json\/wp\/v2\/pages"}],"about":[{"href":"https:\/\/theamariya.com\/de\/wp-json\/wp\/v2\/types\/page"}],"author":[{"embeddable":true,"href":"https:\/\/theamariya.com\/de\/wp-json\/wp\/v2\/users\/1"}],"replies":[{"embeddable":true,"href":"https:\/\/theamariya.com\/de\/wp-json\/wp\/v2\/comments?post=1443"}],"version-history":[{"count":4,"href":"https:\/\/theamariya.com\/de\/wp-json\/wp\/v2\/pages\/1443\/revisions"}],"predecessor-version":[{"id":1471,"href":"https:\/\/theamariya.com\/de\/wp-json\/wp\/v2\/pages\/1443\/revisions\/1471"}],"wp:attachment":[{"href":"https:\/\/theamariya.com\/de\/wp-json\/wp\/v2\/media?parent=1443"}],"curies":[{"name":"wp","href":"https:\/\/api.w.org\/{rel}","templated":true}]}}